{"id":1189,"date":"2024-01-02T20:31:38","date_gmt":"2024-01-02T20:31:38","guid":{"rendered":"https:\/\/mashpi-amagusa.com\/politica-de-privacidad\/"},"modified":"2024-03-20T23:08:20","modified_gmt":"2024-03-20T23:08:20","slug":"politica-de-privacidad","status":"publish","type":"page","link":"https:\/\/mashpi-amagusa.com\/es\/politica-de-privacidad\/","title":{"rendered":"Pol\u00edtica de privacidad"},"content":{"rendered":"<p>[et_pb_section fb_built=\u00bb1&#8243; admin_label=\u00bbsection\u00bb _builder_version=\u00bb4.24.0&#8243; hover_enabled=\u00bb0&#8243; global_colors_info=\u00bb{}\u00bb background_color=\u00bb#CCE9EF\u00bb sticky_enabled=\u00bb0&#8243;][et_pb_row admin_label=\u00bbfila\u00bb _builder_version=\u00bb4.16&#8243; background_size=\u00bbinitial\u00bb background_position=\u00bbtop_left\u00bb background_repeat=\u00bbrepeat\u00bb global_colors_info=\u00bb{}\u00bb custom_padding=\u00bb|||8px||\u00bb][et_pb_column type=\u00bb4_4&#8243; _builder_version=\u00bb4.16&#8243; custom_padding=\u00bb|||\u00bb global_colors_info=\u00bb{}\u00bb custom_padding__hover=\u00bb|||\u00bb][et_pb_text admin_label=\u00bbText\u00bb _builder_version=\u00bb4.24.0&#8243; background_size=\u00bbinitial\u00bb background_position=\u00bbtop_left\u00bb background_repeat=\u00bbrepeat\u00bb hover_enabled=\u00bb0&#8243; global_colors_info=\u00bb{}\u00bb sticky_enabled=\u00bb0&#8243;]<\/p>\n<p><!-- \/wp:post-content --><!-- wp:heading --><\/p>\n<h1 style=\"text-align: center;\">Nuestra pol\u00edtica de privacidad<\/h1>\n<h2><\/h2>\n<h2>Qui\u00e9nes somos<\/h2>\n<p>Somos una empresa familiar de ecoturismo situada en Mashpi, Ecuador.<\/p>\n<p>La direcci\u00f3n de nuestro sitio web es https:\/\/mashpi-amagusa.com.<\/p>\n<h3><\/h3>\n<h3>Recopilaci\u00f3n de datos<\/h3>\n<p>Utilizamos WeTravel como plataforma de reservas. Puede consultar su pol\u00edtica de privacidad <a href=\"https:\/\/www.wetravel.com\/privacy\">aqu\u00ed<\/a>. Las excursiones de un d\u00eda pueden reservarse directamente a trav\u00e9s de un formulario WeTravel integrado en este sitio web.  <!-- \/wp:heading --><!-- wp:paragraph --><\/p>\n<p>Las reservas para pernoctar se realizan rellenando un formulario en nuestro sitio web. Al rellenar esta solicitud de reserva, nos autoriza a ponernos en contacto con usted por correo electr\u00f3nico o tel\u00e9fono y a enviarle un presupuesto desde nuestra cuenta WeTravel.  <!-- \/wp:paragraph --><!-- wp:paragraph \/--><!-- wp:paragraph --><\/p>\n<p>Nuestro sitio web utiliza WPML, un plugin de WordPress que requiere el uso de cookies para determinar la preferencia de idioma en funci\u00f3n de la direcci\u00f3n IP y las preferencias del usuario.<\/p>\n<p>Utilizamos Google Analytics para comprender mejor de d\u00f3nde proceden los visitantes de nuestro sitio web. Esta informaci\u00f3n es an\u00f3nima y no recibimos datos basados en su identidad personal.<!-- \/wp:paragraph --><!-- wp:paragraph \/--><!-- wp:heading \/--><!-- wp:heading --><\/p>\n<p><!-- \/wp:heading --><!-- wp:heading --><\/p>\n<h3>C\u00f3mo conservamos sus datos<\/h3>\n<p><!-- \/wp:heading --><!-- wp:paragraph --><\/p>\n<p>Su solicitud de reserva y sus metadatos se conservan indefinidamente. Utilizamos esos datos para introducir su solicitud en el sistema WeTravel.<!-- \/wp:paragraph --><!-- wp:paragraph --><\/p>\n<p><!-- \/wp:paragraph --><!-- wp:heading --><\/p>\n<h3>Qu\u00e9 derechos tiene sobre sus datos<\/h3>\n<p><!-- \/wp:heading --><!-- wp:paragraph --><\/p>\n<p>Si ha hecho una reserva con nosotros, puede solicitar que le enviemos un archivo exportado de los datos personales que tenemos sobre usted, incluidos los que nos haya facilitado. Tambi\u00e9n puede solicitar que borremos cualquier dato personal que tengamos sobre usted. Esto no incluye ning\u00fan dato que estemos obligados a conservar con fines administrativos, legales o de seguridad.<\/p>\n<p><!-- \/wp:paragraph --><!-- wp:heading --><\/p>\n<p><!-- \/wp:heading --><!-- wp:paragraph --><\/p>\n<p>&nbsp;<\/p>\n<p><!-- \/wp:paragraph --><\/p>\n<p>[\/et_pb_text][\/et_pb_column][\/et_pb_row][\/et_pb_section]<\/p>\n","protected":false},"excerpt":{"rendered":"<p>Nuestra pol\u00edtica de privacidad Qui\u00e9nes somos Somos una empresa familiar de ecoturismo situada en Mashpi, Ecuador. La direcci\u00f3n de nuestro sitio web es https:\/\/mashpi-amagusa.com. Recopilaci\u00f3n de datos Utilizamos WeTravel como plataforma de reservas. Puede consultar su pol\u00edtica de privacidad aqu\u00ed. Las excursiones de un d\u00eda pueden reservarse directamente a trav\u00e9s de un formulario WeTravel integrado [&hellip;]<\/p>\n","protected":false},"author":1,"featured_media":0,"parent":0,"menu_order":0,"comment_status":"closed","ping_status":"closed","template":"","meta":{"_et_pb_use_builder":"on","_et_pb_old_content":"","_et_gb_content_width":"","footnotes":""},"class_list":["post-1189","page","type-page","status-publish","hentry"],"_links":{"self":[{"href":"https:\/\/mashpi-amagusa.com\/es\/wp-json\/wp\/v2\/pages\/1189","targetHints":{"allow":["GET"]}}],"collection":[{"href":"https:\/\/mashpi-amagusa.com\/es\/wp-json\/wp\/v2\/pages"}],"about":[{"href":"https:\/\/mashpi-amagusa.com\/es\/wp-json\/wp\/v2\/types\/page"}],"author":[{"embeddable":true,"href":"https:\/\/mashpi-amagusa.com\/es\/wp-json\/wp\/v2\/users\/1"}],"replies":[{"embeddable":true,"href":"https:\/\/mashpi-amagusa.com\/es\/wp-json\/wp\/v2\/comments?post=1189"}],"version-history":[{"count":0,"href":"https:\/\/mashpi-amagusa.com\/es\/wp-json\/wp\/v2\/pages\/1189\/revisions"}],"wp:attachment":[{"href":"https:\/\/mashpi-amagusa.com\/es\/wp-json\/wp\/v2\/media?parent=1189"}],"curies":[{"name":"wp","href":"https:\/\/api.w.org\/{rel}","templated":true}]}}