{"id":1190,"date":"2024-02-13T22:04:23","date_gmt":"2024-02-13T22:04:23","guid":{"rendered":"https:\/\/mashpi-amagusa.com\/solicite-sus-fechas\/"},"modified":"2025-05-15T20:01:50","modified_gmt":"2025-05-15T20:01:50","slug":"solicite-sus-fechas","status":"publish","type":"page","link":"https:\/\/mashpi-amagusa.com\/es\/solicite-sus-fechas\/","title":{"rendered":"Agende sus fechas"},"content":{"rendered":"<p>[et_pb_section fb_built=\u00bb1&#8243; _builder_version=\u00bb4.23.4&#8243; _module_preset=\u00bbdefault\u00bb background_color=\u00bb#CCE9EF\u00bb global_colors_info=\u00bb{}\u00bb][et_pb_row _builder_version=\u00bb4.23.4&#8243; _module_preset=\u00bbdefault\u00bb global_colors_info=\u00bb{}\u00bb][et_pb_column type=\u00bb4_4&#8243; _builder_version=\u00bb4.23.4&#8243; _module_preset=\u00bbdefault\u00bb global_colors_info=\u00bb{}\u00bb][et_pb_text _builder_version=\u00bb4.23.4&#8243; _module_preset=\u00bbdefault\u00bb custom_margin=\u00bb||0px||false|false\u00bb custom_padding=\u00bb||||false|false\u00bb global_colors_info=\u00bb{}\u00bb]<\/p>\n<h1>Agende su hospedaje<\/h1>\n<p>Este formulario de reserva es para solicitar fechas para hospedarse en Mashpi Amagusa Lodge y Reserva.<\/p>\n<p>Si prefiere hacer una reserva para una visita de un d\u00eda, <a href=\"https:\/\/mashpi-amagusa.com\/es\/excursiones-de-un-dia\/\">consulte nuestra reserva desde aqu\u00ed<\/a>.<\/p>\n<p>El hospedaje incluye <a href=\"https:\/\/mashpi-amagusa.com\/accommodations\/\">alojamiento en nuestras c\u00f3modas habitaciones<\/a>, comidas y <a href=\"https:\/\/mashpi-amagusa.com\/es\/visitas\/\">todas sus actividades en la reserva<\/a>, acompa\u00f1ado por un gu\u00eda local. Consulte a continuaci\u00f3n las opciones para a\u00f1adir un gu\u00eda especializado. Adem\u00e1s, organizamos el transporte de ida y vuelta a Mashpi Amagusa para nuestros hu\u00e9spedes sin veh\u00edculo.<\/p>\n<p>Nuestros precios empiezan en 85 $ por noche y persona, en habitaci\u00f3n doble. Una habitaci\u00f3n individual cuesta 115 $ por noche. Estos precios incluyen actividades con gu\u00eda local y cena la noche de llegada, todas las comidas de los d\u00edas de estancia y desayuno y almuerzo el d\u00eda de salida. Si tiene previsto salir antes del almuerzo, av\u00edsenos para que le preparemos un box lunch.<\/p>\n<p>&nbsp;<\/p>\n<h2>Formulario de reserva<\/h2>\n<p>[\/et_pb_text][et_pb_text _builder_version=\u00bb4.27.2&#8243; _module_preset=\u00bbdefault\u00bb hover_enabled=\u00bb0&#8243; global_colors_info=\u00bb{}\u00bb sticky_enabled=\u00bb0&#8243;]<\/p>\n<form id=\"forminator-module-529\" class=\"forminator-custom-form forminator-custom-form-529\" method=\"post\" data-forminator-render=\"0\" data-uid=\"69d46c1432245\"><div role=\"alert\" aria-live=\"polite\" class=\"forminator-response-message forminator-error\" aria-hidden=\"true\"><\/div><\/form>\n<p>[\/et_pb_text][\/et_pb_column][\/et_pb_row][\/et_pb_section]<\/p>\n","protected":false},"excerpt":{"rendered":"<p>Agende su hospedaje Este formulario de reserva es para solicitar fechas para hospedarse en Mashpi Amagusa Lodge y Reserva. Si prefiere hacer una reserva para una visita de un d\u00eda, consulte nuestra reserva desde aqu\u00ed. El hospedaje incluye alojamiento en nuestras c\u00f3modas habitaciones, comidas y todas sus actividades en la reserva, acompa\u00f1ado por un gu\u00eda [&hellip;]<\/p>\n","protected":false},"author":1,"featured_media":0,"parent":0,"menu_order":0,"comment_status":"closed","ping_status":"closed","template":"","meta":{"_et_pb_use_builder":"on","_et_pb_old_content":"","_et_gb_content_width":"","footnotes":""},"class_list":["post-1190","page","type-page","status-publish","hentry"],"_links":{"self":[{"href":"https:\/\/mashpi-amagusa.com\/es\/wp-json\/wp\/v2\/pages\/1190","targetHints":{"allow":["GET"]}}],"collection":[{"href":"https:\/\/mashpi-amagusa.com\/es\/wp-json\/wp\/v2\/pages"}],"about":[{"href":"https:\/\/mashpi-amagusa.com\/es\/wp-json\/wp\/v2\/types\/page"}],"author":[{"embeddable":true,"href":"https:\/\/mashpi-amagusa.com\/es\/wp-json\/wp\/v2\/users\/1"}],"replies":[{"embeddable":true,"href":"https:\/\/mashpi-amagusa.com\/es\/wp-json\/wp\/v2\/comments?post=1190"}],"version-history":[{"count":0,"href":"https:\/\/mashpi-amagusa.com\/es\/wp-json\/wp\/v2\/pages\/1190\/revisions"}],"wp:attachment":[{"href":"https:\/\/mashpi-amagusa.com\/es\/wp-json\/wp\/v2\/media?parent=1190"}],"curies":[{"name":"wp","href":"https:\/\/api.w.org\/{rel}","templated":true}]}}