{"id":1195,"date":"2024-01-10T01:11:07","date_gmt":"2024-01-10T01:11:07","guid":{"rendered":"https:\/\/mashpi-amagusa.com\/alojamientos\/"},"modified":"2025-05-15T19:21:25","modified_gmt":"2025-05-15T19:21:25","slug":"alojamientos","status":"publish","type":"page","link":"https:\/\/mashpi-amagusa.com\/es\/alojamientos\/","title":{"rendered":"Alojamientos"},"content":{"rendered":"<p>[et_pb_section fb_built=\u00bb1&#8243; admin_label=\u00bbsection\u00bb _builder_version=\u00bb4.23.4&#8243; use_background_color_gradient=\u00bbon\u00bb background_color_gradient_stops=\u00bb#cce9ef 0%|#6d8ecf 20%|#8c89c8 40%|#317185 60%|#4fdccf 80%|#9ac875 100%\u00bb custom_padding=\u00bb||||false|false\u00bb global_colors_info=\u00bb{}\u00bb][et_pb_row _builder_version=\u00bb4.23.4&#8243; _module_preset=\u00bbdefault\u00bb global_colors_info=\u00bb{}\u00bb][et_pb_column type=\u00bb4_4&#8243; _builder_version=\u00bb4.23.4&#8243; _module_preset=\u00bbdefault\u00bb global_colors_info=\u00bb{}\u00bb][et_pb_text _builder_version=\u00bb4.24.1&#8243; _module_preset=\u00bbdefault\u00bb text_text_color=\u00bb#000000&#8243; header_2_font_size=\u00bb24px\u00bb header_3_text_color=\u00bb#000000&#8243; header_3_line_height=\u00bb1.6em\u00bb text_orientation=\u00bbcenter\u00bb global_colors_info=\u00bb{}\u00bb]<\/p>\n<h1>Alojamiento en Mashpi Amagusa<\/h1>\n<h2>Pasar la noche en Mashpi Amagusa es m\u00e1gico.<\/h2>\n<p>[\/et_pb_text][et_pb_button button_url=\u00bbhttps:\/\/mashpi-amagusa.com\/es\/solicite-sus-fechas\/\u00bb button_text=\u00bbAgende sus fechas\u00bb button_alignment=\u00bbcenter\u00bb _builder_version=\u00bb4.24.1&#8243; _module_preset=\u00bbdefault\u00bb custom_button=\u00bbon\u00bb button_text_color=\u00bb#ffffff\u00bb button_bg_color=\u00bb#709D3F\u00bb button_border_width=\u00bb0px\u00bb box_shadow_style=\u00bbpreset1&#8243; global_colors_info=\u00bb{}\u00bb][\/et_pb_button][et_pb_image src=\u00bbhttps:\/\/mashpi-amagusa.com\/wp-content\/uploads\/2024\/02\/Lodge-grounds.jpg\u00bb alt=\u00bbEl Mashpi Amagusa Lodge se construy\u00f3 en antiguas tierras de agricultura que se est\u00e1n restaurando para recuperar su h\u00e1bitat aut\u00f3ctono.\u00bb title_text=\u00bbTerreno y jard\u00edn de la casa\u00bb align=\u00bbcenter\u00bb _builder_version=\u00bb4.24.1&#8243; _module_preset=\u00bbdefault\u00bb global_colors_info=\u00bb{}\u00bb][\/et_pb_image][et_pb_text _builder_version=\u00bb4.24.1&#8243; _module_preset=\u00bbdefault\u00bb header_3_text_color=\u00bb#000000&#8243; header_3_line_height=\u00bb1.6em\u00bb global_colors_info=\u00bb{}\u00bb]<\/p>\n<p>Construido en 2023, nuestro alojamiento, cuidadosamente dise\u00f1ado, incluye cuatro habitaciones bien equipadas con ba\u00f1o privado<a href=\"https:\/\/mashpi-amagusa.com\/es\/alojamientos\/#rooms\">(v\u00e9ase m\u00e1s abajo<\/a>) y un amplio balc\u00f3n cubierto con c\u00f3modos asientos y vistas a las estribaciones circundantes. El fuerte tejado protege el edificio de los aguaceros repentinos, habituales en la bosque tropical. <\/p>\n<p>Por las ma\u00f1anas temprano, aprovechamos nuestro balc\u00f3n para observar las aves que visitan nuestra trampa de luz. Pero nuestros hu\u00e9spedes pueden descansar y disfrutar aqu\u00ed a cualquier hora del d\u00eda. Muchos p\u00e1jaros se acercan al jard\u00edn adyacente, incluidos los coloridos loros cara de rosa que los visitan para comer pl\u00e1tanos.  <\/p>\n<p>[\/et_pb_text][et_pb_image src=\u00bbhttps:\/\/mashpi-amagusa.com\/wp-content\/uploads\/2024\/02\/Patio.jpg\u00bb alt=\u00bbSergio de pie en el balc\u00f3n con vistas al bosque y a la trampa de luz.\u00bb title_text=\u00bbBuscando p\u00e1jaros desde el balc\u00f3n del Lodge\u00bb align=\u00bbcenter\u00bb _builder_version=\u00bb4.24.1&#8243; _module_preset=\u00bbdefault\u00bb global_colors_info=\u00bb{}\u00bb][\/et_pb_image][et_pb_text _builder_version=\u00bb4.24.1&#8243; _module_preset=\u00bbdefault\u00bb header_3_text_color=\u00bb#000000&#8243; global_colors_info=\u00bb{}\u00bb]<\/p>\n<h3>Las \u00abhabitaciones\u00bb exteriores de nuestro Lodge<\/h3>\n<p>Nuestro comedor est\u00e1 a s\u00f3lo unos pasos, al otro lado del jard\u00edn. Es otra zona estupenda para pasar el rato cuando no se est\u00e1 haciendo senderismo u observando aves. De hecho, el comedero m\u00e1s cercano al comedor suele recibir la visita de algunas de nuestras tangaras favoritas, como la dorsimusgosa y la verde reluciente. Los colibr\u00edes cruzan por el comedor y visitan las flores a menudo, sorbiendo el n\u00e9ctar de las delicadas flores de color naranja p\u00e1lido.<\/p>\n<p>[\/et_pb_text][\/et_pb_column][\/et_pb_row][et_pb_row column_structure=\u00bb1_2,1_2&#8243; _builder_version=\u00bb4.24.1&#8243; _module_preset=\u00bbdefault\u00bb global_colors_info=\u00bb{}\u00bb][et_pb_column type=\u00bb1_2&#8243; _builder_version=\u00bb4.24.1&#8243; _module_preset=\u00bbdefault\u00bb global_colors_info=\u00bb{}\u00bb][et_pb_image src=\u00bbhttps:\/\/mashpi-amagusa.com\/wp-content\/uploads\/2024\/02\/DSC_2152-510.jpg\u00bb alt=\u00bbEl comedor al aire libre de Mashpi Amagusa\u00bb title_text=\u00bbNuestro comedor\u00bb align=\u00bbcenter\u00bb _builder_version=\u00bb4.24.1&#8243; _module_preset=\u00bbdefault\u00bb global_colors_info=\u00bb{}\u00bb][\/et_pb_image][\/et_pb_column][et_pb_column type=\u00bb1_2&#8243; _builder_version=\u00bb4.24.1&#8243; _module_preset=\u00bbdefault\u00bb global_colors_info=\u00bb{}\u00bb][et_pb_image src=\u00bbhttps:\/\/mashpi-amagusa.com\/wp-content\/uploads\/2024\/02\/DSC_2154-510.jpg\u00bb alt=\u00bbEl lodge Mashpi Amagusa incluye miradores para observar colibr\u00edes y tangaras.\u00bb title_text=\u00bbLetreros de los miradores\u00bb align=\u00bbcenter\u00bb _builder_version=\u00bb4.24.1&#8243; _module_preset=\u00bbdefault\u00bb global_colors_info=\u00bb{}\u00bb][\/et_pb_image][\/et_pb_column][\/et_pb_row][et_pb_row _builder_version=\u00bb4.23.4&#8243; _module_preset=\u00bbdefault\u00bb custom_padding=\u00bb||0px||false|false\u00bb global_colors_info=\u00bb{}\u00bb][et_pb_column type=\u00bb4_4&#8243; _builder_version=\u00bb4.23.4&#8243; _module_preset=\u00bbdefault\u00bb global_colors_info=\u00bb{}\u00bb][et_pb_text _builder_version=\u00bb4.24.1&#8243; _module_preset=\u00bbdefault\u00bb header_3_text_color=\u00bb#000000&#8243; header_3_line_height=\u00bb1.6em\u00bb global_colors_info=\u00bb{}\u00bb]<\/p>\n<p>Desde el comedor hay un camino que sube hasta los miradores. El primero es nuestro famoso jard\u00edn de colibr\u00edes. La segunda es nuestra \u00e1rea de observaci\u00f3n de tangaras, aunque muchas otras aves pueden visitar por esta zona que conlinda con el bosque. Ambos miradores tienen techos para proteger a nuestros visitantes de la humedad y dar rienda suelta a las aves. De hecho, algunos de nuestros visitantes m\u00e1s frecuentes descubren que los colibr\u00edes se posan en sus c\u00e1maras y celulares, sin miedo a convivir con nuestros hu\u00e9spedes.<\/p>\n<p>Si decide pasar la noche en Mashpi Amagusa, el precio de su estancia incluye algo m\u00e1s que una habitaci\u00f3n.<\/p>\n<h3><\/h3>\n<h3>Incluido en la estancia:<\/h3>\n<p>[\/et_pb_text][et_pb_blurb title=\u00bbActividades guiadas gratuitas\u00bb use_icon=\u00bbon\u00bb font_icon=\u00bb&#xe01c;||divi||400&#8243; image_icon_background_color=\u00bb#CCE9EF\u00bb icon_placement=\u00bbleft\u00bb image_icon_width=\u00bb26px\u00bb content_max_width=\u00bb90%\u00bb admin_label=\u00bbBeautiful\u00bb _builder_version=\u00bb4.24.1&#8243; _module_preset=\u00bbdefault\u00bb header_text_align=\u00bbleft\u00bb header_text_color=\u00bb#000000&#8243; header_font_size=\u00bb22px\u00bb header_line_height=\u00bb1.4em\u00bb body_font=\u00bb||||||||\u00bb body_text_align=\u00bbcenter\u00bb body_text_color=\u00bb#000000&#8243; body_font_size=\u00bb16px\u00bb body_line_height=\u00bb1.6em\u00bb image_icon_custom_padding=\u00bb0.5vw|0.5vw|0.5vw|0.5vw|true|true\u00bb border_radii_image=\u00bbon|50px|50px|50px|50px\u00bb global_colors_info=\u00bb{}\u00bb]<\/p>\n<p style=\"text-align: left;\">Una estancia en nuestro Mashpi Amagusa Lodge es m\u00e1s que una habitaci\u00f3n para dormir. Tambi\u00e9n incluimos diferentes actividades guiadas para cada d\u00eda de su estancia. Al hacer la reserva, s\u00f3lo tiene que elegir el tipo de excursi\u00f3n que m\u00e1s le interese en el apartado de servicios: Observaci\u00f3n de aves, Fotograf\u00eda de aves o Amante de la naturaleza. Cuando llegue, ajustaremos su visita en funci\u00f3n del tiempo, los p\u00e1jaros y usted.<\/p>\n<p>[\/et_pb_blurb][et_pb_blurb title=\u00bbVivir la naturaleza a su esplendor\u00bb use_icon=\u00bbon\u00bb font_icon=\u00bb&#xf785;||fa||400&#8243; image_icon_background_color=\u00bb#CCE9EF\u00bb icon_placement=\u00bbleft\u00bb image_icon_width=\u00bb26px\u00bb content_max_width=\u00bb90%\u00bb admin_label=\u00bbBold\u00bb _builder_version=\u00bb4.23.4&#8243; _module_preset=\u00bbdefault\u00bb header_text_align=\u00bbleft\u00bb header_text_color=\u00bb#000000&#8243; header_font_size=\u00bb22px\u00bb header_line_height=\u00bb1.4em\u00bb body_font=\u00bb||||||||\u00bb body_text_align=\u00bbcenter\u00bb body_text_color=\u00bb#000000&#8243; body_font_size=\u00bb16px\u00bb body_line_height=\u00bb1.6em\u00bb image_icon_custom_padding=\u00bb0.5vw|0.5vw|0.5vw|0.5vw|true|true\u00bb border_radii_image=\u00bbon|50px|50px|50px|50px\u00bb global_colors_info=\u00bb{}\u00bb]<\/p>\n<p style=\"text-align: left;\">En su tiempo libre, tiene m\u00faltiples opciones para recorrer nuestros senderos, pasear por los jardines, relajarse en nuestro balc\u00f3n, instalarse en cualquiera de las cubiertas de observaci\u00f3n o pasar el rato en el comedor con vistas al jard\u00edn m\u00e1s grande y a las aves que lo visitan.<\/p>\n<p>[\/et_pb_blurb][et_pb_blurb title=\u00bbComida t\u00edpica deliciosa\u00bb use_icon=\u00bbon\u00bb font_icon=\u00bb&#xf7b6;||fa||900&#8243; image_icon_background_color=\u00bb#CCE9EF\u00bb icon_placement=\u00bbleft\u00bb image_icon_width=\u00bb26px\u00bb content_max_width=\u00bb90%\u00bb admin_label=\u00bbBountiful\u00bb _builder_version=\u00bb4.23.4&#8243; _module_preset=\u00bbdefault\u00bb header_text_align=\u00bbleft\u00bb header_text_color=\u00bb#000000&#8243; header_font_size=\u00bb22px\u00bb header_line_height=\u00bb1.4em\u00bb body_font=\u00bb||||||||\u00bb body_text_align=\u00bbcenter\u00bb body_text_color=\u00bb#000000&#8243; body_font_size=\u00bb16px\u00bb body_line_height=\u00bb1.6em\u00bb image_icon_custom_padding=\u00bb0.5vw|0.5vw|0.5vw|0.5vw|true|true\u00bb border_radii_image=\u00bbon|50px|50px|50px|50px\u00bb global_colors_info=\u00bb{}\u00bb]<\/p>\n<p style=\"text-align: left;\">Desde su primera noche hasta su \u00faltima ma\u00f1ana con nosotros, le proporcionamos todas las comidas. Planificamos el desayuno y el almuerzo en funci\u00f3n de su programa de actividades. La cena se sirve siempre a primera hora de la noche. Disponemos de caf\u00e9, t\u00e9 y agua en todo momento. Tambi\u00e9n podemos organizar comidas extras como media ma\u00f1ana y media tarde y los box lunch. Por favor, av\u00edsenos con anticipaci\u00f3n.<\/p>\n<p>[\/et_pb_blurb][et_pb_blurb title=\u00bbAlojamientos confortables\u00bb use_icon=\u00bbon\u00bb font_icon=\u00bb&#xe009;||divi||400&#8243; image_icon_background_color=\u00bb#CCE9EF\u00bb icon_placement=\u00bbleft\u00bb image_icon_width=\u00bb26px\u00bb content_max_width=\u00bb90%\u00bb admin_label=\u00bbBeautiful\u00bb module_id=\u00bbrooms\u00bb _builder_version=\u00bb4.24.1&#8243; _module_preset=\u00bbdefault\u00bb header_text_align=\u00bbleft\u00bb header_text_color=\u00bb#000000&#8243; header_font_size=\u00bb22px\u00bb header_line_height=\u00bb1.4em\u00bb body_font=\u00bb||||||||\u00bb body_text_align=\u00bbcenter\u00bb body_text_color=\u00bb#000000&#8243; body_font_size=\u00bb16px\u00bb body_line_height=\u00bb1.6em\u00bb image_icon_custom_padding=\u00bb0.5vw|0.5vw|0.5vw|0.5vw|true|true\u00bb border_radii_image=\u00bbon|50px|50px|50px|50px\u00bb global_colors_info=\u00bb{}\u00bb]<\/p>\n<p style=\"text-align: left;\">Nuestras habitaciones est\u00e1n cuidadosamente dise\u00f1adas para su mayor comodidad. Despu\u00e9s de un emocionante d\u00eda de observaci\u00f3n de aves, dos lujosas camas Queen le invitan a relajarse y rejuvenecer. Cuelgue c\u00f3modamente su equipo en los ganchos y organice su equipaje con facilidad en las amplias estanter\u00edas de nuestro armario al aire libre. Y para disfrutar de una experiencia realmente refrescante, disfrute de nuestra ducha de generosas dimensiones, que ofrece abundante agua caliente a cualquier hora del d\u00eda.<\/p>\n<p>[\/et_pb_blurb][et_pb_image src=\u00bbhttps:\/\/mashpi-amagusa.com\/wp-content\/uploads\/2024\/01\/bedorrom-1200.jpg\u00bb alt=\u00bbTodas las habitaciones del Mashpi Amagusa Lodge incluyen 2 camas de matrimonio\u00bb title_text=\u00bbCada habitaci\u00f3n tiene dos c\u00f3modas camas de matrimonio  \u00bb _builder_version=\u00bb4.24.2&#8243; _module_preset=\u00bbdefault\u00bb custom_margin=\u00bb||||false|false\u00bb custom_padding=\u00bb||||false|false\u00bb border_width_all=\u00bb1px\u00bb border_color_all=\u00bb#CCE9EF\u00bb global_colors_info=\u00bb{}\u00bb][\/et_pb_image][\/et_pb_column][\/et_pb_row][et_pb_row column_structure=\u00bb1_3,1_3,1_3&#8243; use_custom_gutter=\u00bbon\u00bb gutter_width=\u00bb1&#8243; _builder_version=\u00bb4.24.2&#8243; _module_preset=\u00bbdefault\u00bb custom_margin=\u00bb||||false|false\u00bb custom_padding=\u00bb0px||||false|false\u00bb global_colors_info=\u00bb{}\u00bb][et_pb_column type=\u00bb1_3&#8243; _builder_version=\u00bb4.23.4&#8243; _module_preset=\u00bbdefault\u00bb global_colors_info=\u00bb{}\u00bb][et_pb_image src=\u00bbhttps:\/\/mashpi-amagusa.com\/wp-content\/uploads\/2024\/01\/bedroom-2.jpg\u00bb alt=\u00bbNuestras luminosas habitaciones incluyen dos camas tama\u00f1o queen y un escritorio.\u00bb title_text=\u00bbUna de nuestras c\u00f3modas habitaciones.\u00bb show_bottom_space=\u00bboff\u00bb _builder_version=\u00bb4.24.2&#8243; _module_preset=\u00bbdefault\u00bb module_alignment=\u00bbcenter\u00bb custom_margin=\u00bb||||false|false\u00bb custom_padding=\u00bb||||false|false\u00bb border_width_all=\u00bb1px\u00bb border_color_all=\u00bb#CCE9EF\u00bb global_colors_info=\u00bb{}\u00bb][\/et_pb_image][\/et_pb_column][et_pb_column type=\u00bb1_3&#8243; _builder_version=\u00bb4.23.4&#8243; _module_preset=\u00bbdefault\u00bb global_colors_info=\u00bb{}\u00bb][et_pb_image src=\u00bbhttps:\/\/mashpi-amagusa.com\/wp-content\/uploads\/2024\/01\/DSC_2149.jpg\u00bb alt=\u00bbNuestras habitaciones incluyen un escritorio, una silla y una l\u00e1mpara de f\u00e1cil acceso para conectar su ordenador port\u00e1til.\u00bb title_text=\u00bbNuestras habitaciones incluyen un escritorio y una silla\u00bb show_bottom_space=\u00bboff\u00bb _builder_version=\u00bb4.24.2&#8243; _module_preset=\u00bbdefault\u00bb module_alignment=\u00bbcenter\u00bb custom_margin=\u00bb||||false|false\u00bb custom_padding=\u00bb||||false|false\u00bb border_width_all=\u00bb1px\u00bb border_color_all=\u00bb#CCE9EF\u00bb global_colors_info=\u00bb{}\u00bb][\/et_pb_image][\/et_pb_column][et_pb_column type=\u00bb1_3&#8243; _builder_version=\u00bb4.23.4&#8243; _module_preset=\u00bbdefault\u00bb global_colors_info=\u00bb{}\u00bb][et_pb_image src=\u00bbhttps:\/\/mashpi-amagusa.com\/wp-content\/uploads\/2024\/01\/bathroom.jpg\u00bb alt=\u00bbLavabo, inodoro y ducha en un amplio cuarto de ba\u00f1o\u00bb title_text=\u00bbCada habitaci\u00f3n dispone de un moderno cuarto de ba\u00f1o privado\u00bb show_bottom_space=\u00bboff\u00bb _builder_version=\u00bb4.24.2&#8243; _module_preset=\u00bbdefault\u00bb module_alignment=\u00bbcenter\u00bb custom_margin=\u00bb||||false|false\u00bb custom_padding=\u00bb||||false|false\u00bb border_width_all=\u00bb1px\u00bb border_color_all=\u00bb#CCE9EF\u00bb global_colors_info=\u00bb{}\u00bb][\/et_pb_image][\/et_pb_column][\/et_pb_row][et_pb_row _builder_version=\u00bb4.23.4&#8243; _module_preset=\u00bbdefault\u00bb global_colors_info=\u00bb{}\u00bb][et_pb_column type=\u00bb4_4&#8243; _builder_version=\u00bb4.23.4&#8243; _module_preset=\u00bbdefault\u00bb global_colors_info=\u00bb{}\u00bb][et_pb_button button_url=\u00bbhttps:\/\/mashpi-amagusa.com\/es\/solicite-sus-fechas\/\u00bb button_text=\u00bbAgende sus fechas\u00bb button_alignment=\u00bbcenter\u00bb _builder_version=\u00bb4.24.1&#8243; _module_preset=\u00bbdefault\u00bb custom_button=\u00bbon\u00bb button_text_color=\u00bb#ffffff\u00bb button_bg_color=\u00bb#709D3F\u00bb button_border_width=\u00bb0px\u00bb box_shadow_style=\u00bbpreset1&#8243; global_colors_info=\u00bb{}\u00bb][\/et_pb_button][\/et_pb_column][\/et_pb_row][\/et_pb_section]<\/p>\n","protected":false},"excerpt":{"rendered":"<p>Alojamiento en Mashpi Amagusa Pasar la noche en Mashpi Amagusa es m\u00e1gico.Construido en 2023, nuestro alojamiento, cuidadosamente dise\u00f1ado, incluye cuatro habitaciones bien equipadas con ba\u00f1o privado(v\u00e9ase m\u00e1s abajo) y un amplio balc\u00f3n cubierto con c\u00f3modos asientos y vistas a las estribaciones circundantes. El fuerte tejado protege el edificio de los aguaceros repentinos, habituales en la [&hellip;]<\/p>\n","protected":false},"author":1,"featured_media":0,"parent":0,"menu_order":0,"comment_status":"closed","ping_status":"closed","template":"","meta":{"_et_pb_use_builder":"on","_et_pb_old_content":"","_et_gb_content_width":"","footnotes":""},"class_list":["post-1195","page","type-page","status-publish","hentry"],"_links":{"self":[{"href":"https:\/\/mashpi-amagusa.com\/es\/wp-json\/wp\/v2\/pages\/1195","targetHints":{"allow":["GET"]}}],"collection":[{"href":"https:\/\/mashpi-amagusa.com\/es\/wp-json\/wp\/v2\/pages"}],"about":[{"href":"https:\/\/mashpi-amagusa.com\/es\/wp-json\/wp\/v2\/types\/page"}],"author":[{"embeddable":true,"href":"https:\/\/mashpi-amagusa.com\/es\/wp-json\/wp\/v2\/users\/1"}],"replies":[{"embeddable":true,"href":"https:\/\/mashpi-amagusa.com\/es\/wp-json\/wp\/v2\/comments?post=1195"}],"version-history":[{"count":0,"href":"https:\/\/mashpi-amagusa.com\/es\/wp-json\/wp\/v2\/pages\/1195\/revisions"}],"wp:attachment":[{"href":"https:\/\/mashpi-amagusa.com\/es\/wp-json\/wp\/v2\/media?parent=1195"}],"curies":[{"name":"wp","href":"https:\/\/api.w.org\/{rel}","templated":true}]}}