{"id":1200,"date":"2024-02-15T20:39:32","date_gmt":"2024-02-15T20:39:32","guid":{"rendered":"https:\/\/mashpi-amagusa.com\/acerca-de-mashpi-amagusa\/"},"modified":"2025-05-15T19:21:14","modified_gmt":"2025-05-15T19:21:14","slug":"acerca-de-mashpi-amagusa","status":"publish","type":"page","link":"https:\/\/mashpi-amagusa.com\/es\/acerca-de-mashpi-amagusa\/","title":{"rendered":"La Historia de Mashpi Amagusa"},"content":{"rendered":"<p>[et_pb_section fb_built=\u00bb1&#8243; _builder_version=\u00bb4.24.1&#8243; _module_preset=\u00bbdefault\u00bb use_background_color_gradient=\u00bbon\u00bb background_color_gradient_stops=\u00bb#cce9ef 0%|#6d8ecf 20%|#8c89c8 40%|#4fdccf 60%|#9ac875 80%|#317185 100%\u00bb global_colors_info=\u00bb{}\u00bb][et_pb_row _builder_version=\u00bb4.23.4&#8243; _module_preset=\u00bbdefault\u00bb global_colors_info=\u00bb{}\u00bb][et_pb_column type=\u00bb4_4&#8243; _builder_version=\u00bb4.23.4&#8243; _module_preset=\u00bbdefault\u00bb global_colors_info=\u00bb{}\u00bb][et_pb_text _builder_version=\u00bb4.23.4&#8243; _module_preset=\u00bbdefault\u00bb header_3_text_color=\u00bb#000000&#8243; header_3_line_height=\u00bb1.6em\u00bb global_colors_info=\u00bb{}\u00bb]<\/p>\n<h1 style=\"text-align: center;\">La Historia de Mashpi Amagusa<\/h1>\n<p>[\/et_pb_text][et_pb_image src=\u00bbhttps:\/\/mashpi-amagusa.com\/wp-content\/uploads\/2024\/02\/view-reserva-mashpi-amagusa.jpeg\u00bb alt=\u00bbEn un d\u00eda soleado, las capas de las estribaciones revelan un denso bosque bajo un impresionante cielo azul en Mashpi Amagusa\u00bb title_text=\u00bbUn d\u00eda impresionante en Mashpi Amagusa | \u00a9Santiago Salazar\u00bb align=\u00bbcenter\u00bb module_class=\u00bbabove-fold\u00bb _builder_version=\u00bb4.24.2&#8243; _module_preset=\u00bbdefault\u00bb hover_enabled=\u00bb0&#8243; global_colors_info=\u00bb{}\u00bb sticky_enabled=\u00bb0&#8243;][\/et_pb_image][et_pb_text _builder_version=\u00bb4.24.1&#8243; _module_preset=\u00bbdefault\u00bb header_3_text_color=\u00bb#000000&#8243; header_3_line_height=\u00bb1.6em\u00bb global_colors_info=\u00bb{}\u00bb]<\/p>\n<p>Mashpi Amagusa es una reserva privada y un hospedaje ecol\u00f3gico situado en la Biosfera Choc\u00f3-Andino. Protege los bosques nubosos del noroccidente de los Andes ecuatorianos, una zona amenazada constantemente por la agricultura, la miner\u00eda y la tala. Nuestra reserva tambi\u00e9n forma parte del <a href=\"https:\/\/datazone.birdlife.org\/site\/factsheet\/mashpi-pachijal-iba-ecuador\/map\">\u00c1rea Importante para las Aves (IBA) de Mashpi Pachijal<\/a>, lo que explica por qu\u00e9 muchos de nuestros visitantes son observadores de aves internacionales.<\/p>\n<p>Hoy, gracias al apoyo de <a href=\"https:\/\/conservaves.redlac.org\/en\/home-english\/\">Conserva Aves, sus socios<\/a> y <a href=\"https:\/\/notyouraverageamerican.com\/mashpi-amagusa-reserve-fundraiser\/\">los donantes de nuestra campa\u00f1a GoFundMe<\/a>, nuestra reserva se extiende por 82 hect\u00e1reas, a lado de las tierras protegidas del exclusivo Mashpi Lodge. Juntos, proporcionamos un h\u00e1bitat esencial para m\u00e1s de 500 especies de aves, muchas de ellas end\u00e9micas de la <a href=\"https:\/\/notyouraverageamerican.com\/choco-andino-biosphere-reserve-ecuador\/\">Biosfera Choc\u00f3-Andino<\/a>.<\/p>\n<h2>Nuestros fundadores<\/h2>\n<p>Sergio Basantes y Doris Villalba son los visionarios fundadores de la Reserva Mashpi Amagusa. Su viaje comenz\u00f3 con una modesta parcela de tierra, que transformaron en un destino ecotur\u00edstico de primera categor\u00eda, haciendo hincapi\u00e9 en la conservaci\u00f3n y la comunidad. A pesar de <a href=\"https:\/\/news.mongabay.com\/2017\/08\/father-and-son-butt-heads-in-decades-long-battle-over-bird-tourism-site\/\">desacuerdos familiares<\/a> y retos como Covid-19, Sergio y Doris se han convertido en l\u00edderes de su regi\u00f3n. Imparten educaci\u00f3n y formaci\u00f3n a futuros gu\u00edas ornitol\u00f3gicos, acogen a escolares para que conozcan su patrimonio medioambiental, todo ello mientras gestionan un negocio de \u00e9xito que atrae a turistas nacionales e internacionales.<\/p>\n<p>Su historia es un testimonio de compromiso y pasi\u00f3n por preservar las maravillas de la naturaleza, lo que convierte a Mashpi Amagusa en un faro para los observadores de aves y los entusiastas de la naturaleza.<\/p>\n<p>[\/et_pb_text][\/et_pb_column][\/et_pb_row][et_pb_row column_structure=\u00bb1_2,1_2&#8243; _builder_version=\u00bb4.23.4&#8243; _module_preset=\u00bbdefault\u00bb global_colors_info=\u00bb{}\u00bb][et_pb_column type=\u00bb1_2&#8243; _builder_version=\u00bb4.23.4&#8243; _module_preset=\u00bbdefault\u00bb global_colors_info=\u00bb{}\u00bb][et_pb_image src=\u00bbhttps:\/\/mashpi-amagusa.com\/wp-content\/uploads\/2024\/02\/IMG_3756-2.jpg\u00bb alt=\u00bbSu anfitriona en Mashpi Amagusa Lodge, Doris Villalba\u00bb title_text=\u00bbSu anfitriona en Mashpi Amagusa, Doris Villalba\u00bb align=\u00bbcenter\u00bb _builder_version=\u00bb4.24.1&#8243; _module_preset=\u00bbdefault\u00bb global_colors_info=\u00bb{}\u00bb][\/et_pb_image][\/et_pb_column][et_pb_column type=\u00bb1_2&#8243; _builder_version=\u00bb4.23.4&#8243; _module_preset=\u00bbdefault\u00bb global_colors_info=\u00bb{}\u00bb][et_pb_image src=\u00bbhttps:\/\/mashpi-amagusa.com\/wp-content\/uploads\/2024\/02\/IMG_3876-e1708202516758.jpg\u00bb alt=\u00bbSu anfitri\u00f3n en Mashpi Amagusa Lodge, Sergio Basantes\u00bb title_text=\u00bbSu anfitri\u00f3n en Mashpi Amagusa, Sergio Basantes\u00bb align=\u00bbcenter\u00bb _builder_version=\u00bb4.24.1&#8243; _module_preset=\u00bbdefault\u00bb global_colors_info=\u00bb{}\u00bb][\/et_pb_image][\/et_pb_column][\/et_pb_row][et_pb_row _builder_version=\u00bb4.23.4&#8243; _module_preset=\u00bbdefault\u00bb global_colors_info=\u00bb{}\u00bb][et_pb_column type=\u00bb4_4&#8243; _builder_version=\u00bb4.23.4&#8243; _module_preset=\u00bbdefault\u00bb global_colors_info=\u00bb{}\u00bb][et_pb_text _builder_version=\u00bb4.24.1&#8243; _module_preset=\u00bbdefault\u00bb header_3_text_color=\u00bb#000000&#8243; header_3_line_height=\u00bb1.6em\u00bb global_colors_info=\u00bb{}\u00bb]<\/p>\n<h3>C\u00f3mo Mashpi Lodge inspir\u00f3 a Sergio Basantes<\/h3>\n<p>Una parte integral de la historia de Mashpi Amagusa est\u00e1 entrelazada con la del mundialmente conocido Mashpi Lodge.<\/p>\n<p>En 2008, Sergio fue contratado por Roque Sevilla, propietario de Mashpi Lodge, para formar parte del equipo de construcci\u00f3n. Una vez finalizado este trabajo, Sergio fue contratado como gu\u00eda local y se le ense\u00f1\u00f3 a identificar aves. Pronto se aficion\u00f3 y se convirti\u00f3 en naturalista por derecho propio, identificando no s\u00f3lo aves, sino tambi\u00e9n otra fauna y flora del Choc\u00f3-Andino.<\/p>\n<p>Doris ya ten\u00eda experiencia con el ecoturismo. Su amor por la naturaleza comenz\u00f3 a una edad muy temprana. Su familia procede de Nono, Ecuador, donde <a href=\"https:\/\/notyouraverageamerican.com\/hummingbird-route-ecuador\/\">la EcoRuta del Quinde<\/a> alberga varios proyectos de ecoturismo entre Quito y Mindo. <\/p>\n<p>Juntos, Sergio y Doris empezaron a ver posibilidades para su propio negocio familiar.<\/p>\n<p>[\/et_pb_text][et_pb_image src=\u00bbhttps:\/\/mashpi-amagusa.com\/wp-content\/uploads\/2024\/02\/DSC_2117.jpg\u00bb alt=\u00bbDoris admira a un colibr\u00ed mientras sorbe el n\u00e9ctar de una flor que acaba de coger para un arreglo.\u00bb title_text=\u00bbDoris admirando la fauna de Mashpi Amagusa\u00bb align=\u00bbcenter\u00bb _builder_version=\u00bb4.24.1&#8243; _module_preset=\u00bbdefault\u00bb global_colors_info=\u00bb{}\u00bb][\/et_pb_image][et_pb_text _builder_version=\u00bb4.24.1&#8243; _module_preset=\u00bbdefault\u00bb header_3_text_color=\u00bb#000000&#8243; header_3_line_height=\u00bb1.6em\u00bb global_colors_info=\u00bb{}\u00bb]<\/p>\n<h3>En el principio: la Reserva Amagusa<\/h3>\n<p>Por eso, en 2012, empezaron con la Reserva Amagusa, un proyecto con un simple mirador para p\u00e1jaros y no mucho m\u00e1s.<\/p>\n<p>Empezaron a llegar observadores de aves. Algunos eran hu\u00e9spedes de Mashpi Lodge, otros eran excursionistas que ven\u00edan de las cercanas Mindo y Milpe con la esperanza de avistar la tangara verde reluciente, el p\u00e1jaro Indigo Flowerpiercer y el solitario negro, por nombrar algunos.<\/p>\n<p>A medida que Sergio constru\u00eda m\u00e1s comederos y Doris plantaba \u00e1rboles y plantas aut\u00f3ctonos en antiguos terrenos agr\u00edcolas, la Reserva Amagusa se convirti\u00f3 en un destino por derecho propio.<\/p>\n<p>[\/et_pb_text][et_pb_image src=\u00bbhttps:\/\/mashpi-amagusa.com\/wp-content\/uploads\/2024\/01\/DSC_2407-1200.jpg\u00bb alt=\u00bbTangara verde reluciente posada cerca de un comedero en Mashpi Amagusa\u00bb title_text=\u00bbTangara verde reluciente | \u00a9Angela Drake\u00bb align=\u00bbcenter\u00bb _builder_version=\u00bb4.24.1&#8243; _module_preset=\u00bbdefault\u00bb global_colors_info=\u00bb{}\u00bb][\/et_pb_image][et_pb_text _builder_version=\u00bb4.24.1&#8243; _module_preset=\u00bbdefault\u00bb header_3_text_color=\u00bb#000000&#8243; header_3_line_height=\u00bb1.6em\u00bb global_colors_info=\u00bb{}\u00bb]<\/p>\n<h3>El Lodge de Mashpi Amagusa<\/h3>\n<p>A lo largo de los a\u00f1os, el negocio no ha dejado de crecer. Los visitantes empezaron a preguntar por un lugar accesible donde alojarse. Sergio y Doris escucharon y construyeron un hermoso edificio con cuatro c\u00f3modas habitaciones para sus visitantes. <\/p>\n<p>Hasta la fecha, las nuevas instalaciones pueden alojar a 8 adultos muy c\u00f3modamente y a algunos m\u00e1s si los hu\u00e9spedes est\u00e1n dispuestos a triplicar o cuadruplicar las habitaciones. <a href=\"https:\/\/mashpi-amagusa.com\/es\/alojamientos\/\">Cada una de estas habitaciones<\/a> cuenta con dos camas grandes, un amplio ba\u00f1o privado y mucho espacio para guardar el equipo.<\/p>\n<p>Con el tiempo, Sergio espera a\u00f1adir otras cuatro habitaciones para que unas cuantas personas m\u00e1s puedan disfrutar de la magica noche de Mashpi Amagusa. <\/p>\n<p>[\/et_pb_text][et_pb_image src=\u00bbhttps:\/\/mashpi-amagusa.com\/wp-content\/uploads\/2024\/02\/Lodge-at-night.jpg\u00bb alt=\u00bbLos pasillos que llevan a las habitaciones est\u00e1n bien iluminados por la noche.\u00bb title_text=\u00bbEl alojamiento de Mashpi Amagusa de noche\u00bb align=\u00bbcenter\u00bb _builder_version=\u00bb4.24.1&#8243; _module_preset=\u00bbdefault\u00bb global_colors_info=\u00bb{}\u00bb][\/et_pb_image][et_pb_text _builder_version=\u00bb4.24.1&#8243; _module_preset=\u00bbdefault\u00bb header_3_text_color=\u00bb#000000&#8243; header_3_line_height=\u00bb1.6em\u00bb global_colors_info=\u00bb{}\u00bb]<\/p>\n<h3>\u00bfPor qu\u00e9 el nombre Mashpi Amagusa?<\/h3>\n<p>Hoy en d\u00eda, la reserva se conoce como Mashpi Amagusa.<\/p>\n<p>La palabra <em>mashi<\/em> en kichwa significa amigo. Y la palabra <em>pi<\/em> en tsafiki significa agua. Juntos, forman la palabra <em>mashpi. <\/em> El nombre fue utilizado originalmente por la <a href=\"https:\/\/www.nanmagazine.com\/en\/san-jose-de-mashpi-paradise-on-the-mountain\/\">Comunidad Mashpi de San<\/a> Jos\u00e9, m\u00e1s conocida por su turismo comunitario y su delicioso chocolate. <em><br \/>\n  <strong>Mashpi<\/strong><br \/>\n<\/em> es tambi\u00e9n un nombre apropiado para la reserva, donde vemos a nuestros socios y clientes como amigos.<\/p>\n<p>La palabra <em>amagusa<\/em> fue utilizada originalmente por una cooperativa de empresas locales. Viene de dos palabras espa\u00f1olas, <em>ama<\/em> que significa amor y <em>gozar<\/em>, un verbo que se utiliza a menudo para describir el amor que uno siente por la naturaleza, <em>gozar de la naturaleza<\/em>. <em><br \/>\n  <strong>Amagusa<\/strong><br \/>\n<\/em>.<\/p>\n<p>Cuando visita Mashpi Amagusa, queremos que se haga amigo de los p\u00e1jaros para toda la vida y que ame la naturaleza. <em><strong>Mashpi Amagusa<\/strong><\/em>.<\/p>\n<p>[\/et_pb_text][et_pb_text _builder_version=\u00bb4.24.1&#8243; _module_preset=\u00bbdefault\u00bb header_3_text_color=\u00bb#000000&#8243; header_3_line_height=\u00bb1.6em\u00bb global_colors_info=\u00bb{}\u00bb]<\/p>\n<h3>Nuestra ubicaci\u00f3n<\/h3>\n<p>Nos encontramos a unos 45 minutos de Pacto, Ecuador. Consulte nuestras <a href=\"https:\/\/mashpi-amagusa.com\/es\/preguntas-frecuentes\/#directions\">preguntas frecuentes para saber c\u00f3mo llegar<\/a>.<\/p>\n<p>[\/et_pb_text][et_pb_map address=\u00bbPacto, Ecuador\u00bb zoom_level=\u00bb9&#8243; address_lat=\u00bb0.142885&#8243; address_lng=\u00bb-78.800827&#8243; _builder_version=\u00bb4.24.1&#8243; _module_preset=\u00bbdefault\u00bb global_colors_info=\u00bb{}\u00bb][et_pb_map_pin title=\u00bbReserva Mashpi Amagusa\u00bb pin_address=\u00bbAmagusa Preserva, Pacto Aria Mashpi, Quito, Ecuador\u00bb pin_address_lat=\u00bb0.1597669&#8243; pin_address_lng=\u00bb-78.8531343&#8243; _builder_version=\u00bb4.24.1&#8243; _module_preset=\u00bbdefault\u00bb global_colors_info=\u00bb{}\u00bb][\/et_pb_map_pin][\/et_pb_map][\/et_pb_column][\/et_pb_row][\/et_pb_section]<\/p>\n","protected":false},"excerpt":{"rendered":"<p>Mashpi Amagusa es una reserva privada y un lodge con una interesante historia. Conozca a sus fundadores, Sergio y Doris, y c\u00f3mo hicieron realidad su sue\u00f1o. <\/p>\n","protected":false},"author":1,"featured_media":1177,"parent":0,"menu_order":0,"comment_status":"closed","ping_status":"closed","template":"","meta":{"_et_pb_use_builder":"on","_et_pb_old_content":"","_et_gb_content_width":"","footnotes":""},"class_list":["post-1200","page","type-page","status-publish","has-post-thumbnail","hentry"],"_links":{"self":[{"href":"https:\/\/mashpi-amagusa.com\/es\/wp-json\/wp\/v2\/pages\/1200","targetHints":{"allow":["GET"]}}],"collection":[{"href":"https:\/\/mashpi-amagusa.com\/es\/wp-json\/wp\/v2\/pages"}],"about":[{"href":"https:\/\/mashpi-amagusa.com\/es\/wp-json\/wp\/v2\/types\/page"}],"author":[{"embeddable":true,"href":"https:\/\/mashpi-amagusa.com\/es\/wp-json\/wp\/v2\/users\/1"}],"replies":[{"embeddable":true,"href":"https:\/\/mashpi-amagusa.com\/es\/wp-json\/wp\/v2\/comments?post=1200"}],"version-history":[{"count":0,"href":"https:\/\/mashpi-amagusa.com\/es\/wp-json\/wp\/v2\/pages\/1200\/revisions"}],"wp:featuredmedia":[{"embeddable":true,"href":"https:\/\/mashpi-amagusa.com\/es\/wp-json\/wp\/v2\/media\/1177"}],"wp:attachment":[{"href":"https:\/\/mashpi-amagusa.com\/es\/wp-json\/wp\/v2\/media?parent=1200"}],"curies":[{"name":"wp","href":"https:\/\/api.w.org\/{rel}","templated":true}]}}