{"id":1201,"date":"2024-01-26T18:15:26","date_gmt":"2024-01-26T18:15:26","guid":{"rendered":"https:\/\/mashpi-amagusa.com\/excursiones-de-un-dia\/"},"modified":"2025-05-15T19:58:58","modified_gmt":"2025-05-15T19:58:58","slug":"excursiones-de-un-dia","status":"publish","type":"page","link":"https:\/\/mashpi-amagusa.com\/es\/excursiones-de-un-dia\/","title":{"rendered":"Excursiones de un d\u00eda"},"content":{"rendered":"<p>[et_pb_section fb_built=\u00bb1&#8243; _builder_version=\u00bb4.24.2&#8243; _module_preset=\u00bbdefault\u00bb use_background_color_gradient=\u00bbon\u00bb background_color_gradient_stops=\u00bb#cce9ef 0%|#6d8ecf 20%|#8c89c8 40%|#0ebaa6 60%|#045963 80%|#709d3f 100%\u00bb global_colors_info=\u00bb{}\u00bb][et_pb_row _builder_version=\u00bb4.24.1&#8243; _module_preset=\u00bbdefault\u00bb custom_padding=\u00bb0px|||||\u00bb global_colors_info=\u00bb{}\u00bb][et_pb_column type=\u00bb4_4&#8243; _builder_version=\u00bb4.23.4&#8243; _module_preset=\u00bbdefault\u00bb global_colors_info=\u00bb{}\u00bb][et_pb_text _builder_version=\u00bb4.24.1&#8243; _module_preset=\u00bbdefault\u00bb header_text_color=\u00bb#000000&#8243; header_line_height=\u00bb1.4em\u00bb header_2_text_color=\u00bb#000000&#8243; header_2_font_size=\u00bb24px\u00bb header_2_line_height=\u00bb1.4em\u00bb text_orientation=\u00bbcenter\u00bb header_2_font_size_tablet=\u00bb22px\u00bb header_2_font_size_phone=\u00bb20px\u00bb header_2_font_size_last_edited=\u00bbon|phone\u00bb global_colors_info=\u00bb{}\u00bb]<\/p>\n<h1>Excursiones de un d\u00eda en Mashpi Amagusa<\/h1>\n<h2>Despierte sus sentidos con una visita de un d\u00eda al m\u00e1gico bosque de Mashpi.<\/h2>\n<p>[\/et_pb_text][et_pb_code admin_label=\u00bbBot\u00f3n WeTravel para viajes de un d\u00eda\u00bb _builder_version=\u00bb4.24.1&#8243; _module_preset=\u00bbdefault\u00bb text_orientation=\u00bbcenter\u00bb global_colors_info=\u00bb{}\u00bb]<button class=\"wtrvl-checkout_button\" id=\"wetravel_button_widget\" data-env=\"https:\/\/www.wetravel.com\" data-version=\"v0.3\" data-uid=\"939526\" data-uuid=\"93080863\" href=\"https:\/\/www.wetravel.com\/checkout_embed?uuid=93080863\" style=\"background-color:#709d3f;color:#ffffff;border: 0px;border-radius: 5px;font-family: 'Prata', sans-serif;font-weight: 400;font-size: 18px;-webkit-font-smoothing: antialiased;text-transform: capitalize;padding: 18px 24px;text-decoration: none;text-align: center;line-height: 14px;display: inline-block; cursor: pointer;\">Reserve su visita de un d\u00eda<\/button> <link href=\"https:\/\/fonts.googleapis.com\/css?family=Prata\" rel=\"stylesheet\"> <script src=\"https:\/\/cdn.wetravel.com\/widgets\/embed_checkout.js\"><\/script>[\/et_pb_code][\/et_pb_column][\/et_pb_row][et_pb_row column_structure=\u00bb1_3,1_3,1_3&#8243; use_custom_gutter=\u00bbon\u00bb make_equal=\u00bbon\u00bb _builder_version=\u00bb4.23.4&#8243; _module_preset=\u00bbdefault\u00bb width=\u00bb75%\u00bb max_width=\u00bb1920px\u00bb custom_padding=\u00bb||||false|false\u00bb global_colors_info=\u00bb{}\u00bb][et_pb_column type=\u00bb1_3&#8243; _builder_version=\u00bb4.23.4&#8243; _module_preset=\u00bbdefault\u00bb global_colors_info=\u00bb{}\u00bb][et_pb_image src=\u00bbhttps:\/\/mashpi-amagusa.com\/wp-content\/uploads\/2024\/01\/Choco-Vireo-510.jpg\u00bb alt=\u00bbEl amenazado Choco-Vireo se observa a menudo en Mashpi Amagusa\u00bb title_text=\u00bbChoco Vireo | \u00a9Tony Photography\u00bb show_bottom_space=\u00bboff\u00bb _builder_version=\u00bb4.24.2&#8243; _module_preset=\u00bbdefault\u00bb module_alignment=\u00bbcenter\u00bb custom_margin=\u00bb||||false|false\u00bb custom_padding=\u00bb||||false|false\u00bb hover_enabled=\u00bb0&#8243; global_colors_info=\u00bb{}\u00bb align=\u00bbcenter\u00bb sticky_enabled=\u00bb0&#8243;][\/et_pb_image][et_pb_text _builder_version=\u00bb4.24.2&#8243; _module_preset=\u00bbdefault\u00bb text_text_color=\u00bb#3c3c3c\u00bb header_3_text_color=\u00bb#3c3c3c\u00bb header_3_font_size=\u00bb18px\u00bb header_3_line_height=\u00bb1.4em\u00bb background_color=\u00bb#ffffff\u00bb custom_margin=\u00bb||0px||false|false\u00bb custom_padding=\u00bb1vw|1vw|1vw|1vw|true|true\u00bb global_colors_info=\u00bb{}\u00bb]<\/p>\n<h3>Para observadores de aves<\/h3>\n<ul>\n<li>Ingreso a la reserva<\/li>\n<li>Gu\u00eda local<\/li>\n<li>Observaci\u00f3n de aves<\/li>\n<li>Acceso a telescopio y binoculares<\/li>\n<li>Oportunidades fotogr\u00e1ficas<\/li>\n<li>Sesiones interactivas de aprendizaje<strong><\/strong><\/li>\n<\/ul>\n<p>[\/et_pb_text][et_pb_toggle title=\u00bbDetalles: \u00bb open_toggle_text_color=\u00bb#3c3c3c\u00bb closed_toggle_text_color=\u00bb#3c3c3c\u00bb icon_color=\u00bb#c60045&#8243; toggle_icon=\u00bb&#xf535;||fa||900&#8243; open_icon_color=\u00bb#709D3F\u00bb open_toggle_icon=\u00bb&#xf520;||fa||900&#8243; _builder_version=\u00bb4.24.2&#8243; _module_preset=\u00bbdefault\u00bb title_text_color=\u00bb#3c3c3c\u00bb title_level=\u00bbh3&#8243; title_font=\u00bb||||||||\u00bb title_letter_spacing=\u00bb1px\u00bb title_line_height=\u00bb1.4em\u00bb body_text_color=\u00bb#3c3c3c\u00bb body_line_height=\u00bb1.5em\u00bb background_color=\u00bb#ffffff\u00bb custom_margin=\u00bb0px||||false|false\u00bb custom_padding=\u00bb||||false|false\u00bb global_colors_info=\u00bb{}\u00bb]<\/p>\n<h4><strong>Gu\u00eda local<\/strong><\/h4>\n<p><strong><\/strong>Comience su visita de observaci\u00f3n de aves con un gu\u00eda experto. Aunque nuestros gu\u00edas hablan espa\u00f1ol, utilizar\u00e1n el ingl\u00e9s para identificar las aves.<\/p>\n<h4><strong>Acceso a Observaci\u00f3n de Aves<\/strong><\/h4>\n<p>Disfrute del acceso a lugares privilegiados para la observaci\u00f3n de aves. Entre ellos se encuentran nuestra trampa para polillas, el jard\u00edn de los colibr\u00edes y otros miradores. Estos lugares se seleccionan cuidadosamente para ver una gran variedad de aves. Eche un vistazo a nuestro <a href=\"https:\/\/ebird.org\/hotspot\/L3175551\">eBird hotspot<\/a> para ver los avistamientos actuales.<\/p>\n<h4><strong>Ver aves lejanas con el telescopio <\/strong><\/h4>\n<p>Le proporcionamos acceso a nuestro telescopio, para que no se pierda ni un solo detalle.<\/p>\n<h4><strong>Oportunidades fotogr\u00e1ficas<\/strong><\/h4>\n<p><strong> <\/strong>Aunque no es intensivo en fotograf\u00eda, este recorrido ofrece amplias oportunidades para fotografiar aves en diferentes lugares de nuestra reserva.<\/p>\n<h4><strong>Sesiones interactivas de aprendizaje <\/strong><\/h4>\n<p>Adem\u00e1s de la observaci\u00f3n de campo, el recorrido incluye oportunidades para aprender m\u00e1s sobre nuestras aves, su estado de conservaci\u00f3n y su importancia ecol\u00f3gica en la Biosfera Choc\u00f3-Andino.<\/p>\n<p><em>Ofrecen comida t\u00edpica en nuestro restaurante.<\/em><\/p>\n<p>[\/et_pb_toggle][\/et_pb_column][et_pb_column type=\u00bb1_3&#8243; _builder_version=\u00bb4.23.4&#8243; _module_preset=\u00bbdefault\u00bb custom_padding=\u00bb||||false|false\u00bb global_colors_info=\u00bb{}\u00bb][et_pb_image src=\u00bbhttps:\/\/mashpi-amagusa.com\/wp-content\/uploads\/2024\/01\/DSC_3060-510.jpg\u00bb alt=\u00bbUna pareja de tangaras de garganta rufo, una saltando para emprender el vuelo\u00bb title_text=\u00bbTangaras de garganta rufo | \u00a9Tony Photography\u00bb show_bottom_space=\u00bboff\u00bb _builder_version=\u00bb4.23.4&#8243; _module_preset=\u00bbdefault\u00bb module_alignment=\u00bbcenter\u00bb global_colors_info=\u00bb{}\u00bb align=\u00bbcenter\u00bb][\/et_pb_image][et_pb_text _builder_version=\u00bb4.24.2&#8243; _module_preset=\u00bbdefault\u00bb text_text_color=\u00bb#3c3c3c\u00bb header_3_text_color=\u00bb#3c3c3c\u00bb header_3_font_size=\u00bb18px\u00bb header_3_line_height=\u00bb1.4em\u00bb background_color=\u00bb#ffffff\u00bb custom_margin=\u00bb||0px||false|false\u00bb custom_padding=\u00bb1vw|1vw|1vw|1vw|true|true\u00bb global_colors_info=\u00bb{}\u00bb]<\/p>\n<h3>Para fot\u00f3grafos de aves<\/h3>\n<ul>\n<li>Ingreso a la reserva<\/li>\n<li>Gu\u00eda local<\/li>\n<li><span style=\"font-size: 17px;\">Fotografiar especies end\u00e9micas<\/span><\/li>\n<li>M\u00faltiples espacios para instalarse<span style=\"font-size: 17px;\"><\/span><\/li>\n<li>Miradores con techo para la protecci\u00f3n de la lluvia<strong><\/strong><\/li>\n<li>Oportunidad para Multi-Flash<\/li>\n<\/ul>\n<p>[\/et_pb_text][et_pb_toggle title=\u00bbDetalles: \u00bb open_toggle_text_color=\u00bb#3c3c3c\u00bb closed_toggle_text_color=\u00bb#3c3c3c\u00bb icon_color=\u00bb#c60045&#8243; toggle_icon=\u00bb&#xf535;||fa||900&#8243; open_icon_color=\u00bb#709D3F\u00bb open_toggle_icon=\u00bb&#xf520;||fa||900&#8243; _builder_version=\u00bb4.24.2&#8243; _module_preset=\u00bbdefault\u00bb title_text_color=\u00bb#3c3c3c\u00bb title_level=\u00bbh3&#8243; title_font=\u00bb||||||||\u00bb title_letter_spacing=\u00bb1px\u00bb title_line_height=\u00bb1.4em\u00bb body_text_color=\u00bb#3c3c3c\u00bb body_line_height=\u00bb1.5em\u00bb background_color=\u00bb#ffffff\u00bb custom_margin=\u00bb0px||||false|false\u00bb custom_padding=\u00bb||||false|false\u00bb global_colors_info=\u00bb{}\u00bb]<\/p>\n<h4><strong>Gu\u00eda local<\/strong><\/h4>\n<p>Comience su visita de un d\u00eda centrada en la fotograf\u00eda con un gu\u00eda experto en observaci\u00f3n de aves. Aunque nuestros gu\u00edas hablan espa\u00f1ol, utilizar\u00e1n el ingl\u00e9s para identificar las aves.<\/p>\n<h4><strong>Miradores fotogr\u00e1ficos estrat\u00e9gicos<\/strong><\/h4>\n<p>Hemos establecido miradores fotogr\u00e1ficos en lugares estrat\u00e9gicos de la reserva. Estos lugares se eligen en funci\u00f3n de la iluminaci\u00f3n, el fondo y la probabilidad de ver aves end\u00e9micas.<\/p>\n<h4><strong>Fotograf\u00eda de especies end\u00e9micas<\/strong><\/h4>\n<p>La reserva ofrece la oportunidad de fotografiar aves end\u00e9micas en su h\u00e1bitat natural. Esta excursi\u00f3n de un d\u00eda da prioridad a la captura de im\u00e1genes de las aves que desea ver.<\/p>\n<h4><strong>Miradores con techo para la protecci\u00f3n de la lluvia<\/strong><\/h4>\n<p>Conscientes de los retos que plantea la fotograf\u00eda en el bosque tropical, nos hemos asegurado de que muchos de nuestros lugares fotogr\u00e1ficos est\u00e9n protegidos de la lluvia. Esto le permite centrarse en su fotograf\u00eda sin preocuparse por los cambios repentinos de tiempo.<\/p>\n<h4><strong>Oportunidad de configuraci\u00f3n multiflash<\/strong><\/h4>\n<p>Para los fot\u00f3grafos que deseen utilizar su propia configuraci\u00f3n de flash m\u00faltiple, podemos organizarlo con especies espec\u00edficas. Este servicio est\u00e1 disponible previo aviso y conlleva un cargo adicional.<\/p>\n<p><em>Ofrecen comida t\u00edpica en nuestro restaurante.<\/em><\/p>\n<p>[\/et_pb_toggle][\/et_pb_column][et_pb_column type=\u00bb1_3&#8243; _builder_version=\u00bb4.23.4&#8243; _module_preset=\u00bbdefault\u00bb custom_padding=\u00bb||||false|false\u00bb global_colors_info=\u00bb{}\u00bb][et_pb_image src=\u00bbhttps:\/\/mashpi-amagusa.com\/wp-content\/uploads\/2024\/01\/DSC_2731-510.jpg\u00bb alt=\u00bbUn colibr\u00ed brillante emperatriz se posa en la mano de un visitante en Mashpi Amagusa\u00bb title_text=\u00bbColibr\u00ed brillante emperatriz | \u00a9Angela Drake\u00bb show_bottom_space=\u00bboff\u00bb _builder_version=\u00bb4.23.4&#8243; _module_preset=\u00bbdefault\u00bb module_alignment=\u00bbcenter\u00bb global_colors_info=\u00bb{}\u00bb align=\u00bbcenter\u00bb][\/et_pb_image][et_pb_text _builder_version=\u00bb4.24.2&#8243; _module_preset=\u00bbdefault\u00bb text_text_color=\u00bb#3c3c3c\u00bb header_3_text_color=\u00bb#3c3c3c\u00bb header_3_font_size=\u00bb18px\u00bb header_3_line_height=\u00bb1.4em\u00bb background_color=\u00bb#ffffff\u00bb custom_margin=\u00bb||0px||false|false\u00bb custom_padding=\u00bb1vw|1vw|1vw|1vw|true|true\u00bb hover_enabled=\u00bb0&#8243; global_colors_info=\u00bb{}\u00bb sticky_enabled=\u00bb0&#8243;]<\/p>\n<h3>Para los amantes de la naturaleza<\/h3>\n<ul>\n<li>Ingreso a la reserva<\/li>\n<li>Gu\u00eda local<\/li>\n<li>Jard\u00edn de colibr\u00edes<\/li>\n<li>Introducci\u00f3n a la observaci\u00f3n de aves<\/li>\n<li>Senderismo<\/li>\n<li>Sesiones interactivas de aprendizaje<strong><\/strong><\/li>\n<\/ul>\n<p>[\/et_pb_text][et_pb_toggle title=\u00bbDetalles: \u00bb open_toggle_text_color=\u00bb#3c3c3c\u00bb closed_toggle_text_color=\u00bb#3c3c3c\u00bb icon_color=\u00bb#c60045&#8243; toggle_icon=\u00bb&#xf535;||fa||900&#8243; open_icon_color=\u00bb#709D3F\u00bb open_toggle_icon=\u00bb&#xf520;||fa||900&#8243; _builder_version=\u00bb4.24.2&#8243; _module_preset=\u00bbdefault\u00bb title_text_color=\u00bb#3c3c3c\u00bb title_level=\u00bbh3&#8243; title_font=\u00bb||||||||\u00bb title_letter_spacing=\u00bb1px\u00bb title_line_height=\u00bb1.4em\u00bb body_text_color=\u00bb#3c3c3c\u00bb body_line_height=\u00bb1.5em\u00bb background_color=\u00bb#ffffff\u00bb custom_margin=\u00bb0px||||false|false\u00bb custom_padding=\u00bb||||false|false\u00bb hover_enabled=\u00bb0&#8243; global_colors_info=\u00bb{}\u00bb sticky_enabled=\u00bb0&#8243;]<\/p>\n<h4><strong>Gu\u00eda local<\/strong><\/h4>\n<p>Comience su visita de un d\u00eda con un gu\u00eda experto que habla espa\u00f1ol.<\/p>\n<h4><b>Jard\u00edn de colibr\u00edes<\/b><\/h4>\n<p>Para la mayor\u00eda de los visitantes, el jard\u00edn de colibr\u00edes es una experiencia encantadora para todas las edades.<\/p>\n<h4><strong>Observaci\u00f3n de aves en miradores<\/strong><\/h4>\n<p>Aunque este recorrido no se centra exclusivamente en las aves, ofrece amplias oportunidades para observarlas en su h\u00e1bitat natural.<\/p>\n<h4><strong>Caminata a una cascada<\/strong><\/h4>\n<p>Para los amantes de las actividades al aire libre, recomendamos encarecidamente nuestra excursi\u00f3n a la cascada. Con un pronunciado cambio de altitud por un sendero en buen estado, esta excursi\u00f3n por la selva tropical es una oportunidad para disfrutar de las aguas cristalinas y la exuberante belleza de Mashpi-Amagusa.<\/p>\n<h4><strong>Sesiones interactivas de aprendizaje<\/strong><\/h4>\n<p>Adem\u00e1s de la observaci\u00f3n sobre el terreno, el recorrido incluye oportunidades para aprender m\u00e1s sobre la flora y fauna de la regi\u00f3n, su estado de conservaci\u00f3n y la importancia ecol\u00f3gica de la Biosfera Choc\u00f3-Andino.<\/p>\n<p><em>Ofrecen comida t\u00edpica en nuestro restaurante.<\/em><\/p>\n<p>[\/et_pb_toggle][\/et_pb_column][\/et_pb_row][et_pb_row _builder_version=\u00bb4.23.4&#8243; _module_preset=\u00bbdefault\u00bb custom_margin=\u00bb||||false|false\u00bb custom_padding=\u00bb||||false|false\u00bb global_colors_info=\u00bb{}\u00bb][et_pb_column type=\u00bb4_4&#8243; _builder_version=\u00bb4.23.4&#8243; _module_preset=\u00bbdefault\u00bb global_colors_info=\u00bb{}\u00bb][et_pb_text _builder_version=\u00bb4.23.4&#8243; _module_preset=\u00bbdefault\u00bb text_font=\u00bb||||||||\u00bb text_orientation=\u00bbcenter\u00bb custom_padding=\u00bb2vw||||false|false\u00bb global_colors_info=\u00bb{}\u00bb]<\/p>\n<h3>Si deseas m\u00e1s&#8230;<\/h3>\n<p>Hay tanto que hacer en Mashpi Amagusa que muchos de nuestros hu\u00e9spedes deciden quedarse a pasar la noche.<\/p>\n<p>[\/et_pb_text][et_pb_button button_url=\u00bbhttps:\/\/mashpi-amagusa.com\/es\/solicite-sus-fechas\/\u00bb button_text=\u00bbPasar la noche\u00bb button_alignment=\u00bbcenter\u00bb _builder_version=\u00bb4.24.2&#8243; _module_preset=\u00bbdefault\u00bb custom_button=\u00bbon\u00bb button_text_color=\u00bb#ffffff\u00bb button_bg_color=\u00bb#709D3F\u00bb button_border_width=\u00bb0px\u00bb button_font=\u00bb||||||||\u00bb box_shadow_style=\u00bbpreset1&#8243; global_colors_info=\u00bb{}\u00bb][\/et_pb_button][et_pb_image src=\u00bbhttps:\/\/mashpi-amagusa.com\/wp-content\/uploads\/2024\/03\/Sunrise-at-Mashpi-Amagusa.jpg\u00bb alt=\u00bbUna excursi\u00f3n de un d\u00eda a Mashpi Amagusa puede incluir la puesta de sol para quienes est\u00e9n dispuestos a quedarse hasta el final del d\u00eda.\u00bb title_text=\u00bbPuesta de sol en Mashpi Amagusa\u00bb align=\u00bbcenter\u00bb _builder_version=\u00bb4.24.2&#8243; _module_preset=\u00bbdefault\u00bb hover_enabled=\u00bb0&#8243; global_colors_info=\u00bb{}\u00bb sticky_enabled=\u00bb0&#8243;][\/et_pb_image][\/et_pb_column][\/et_pb_row][\/et_pb_section]<\/p>\n","protected":false},"excerpt":{"rendered":"<p>Excursiones de un d\u00eda en Mashpi Amagusa Despierte sus sentidos con una visita de un d\u00eda al m\u00e1gico bosque de Mashpi.Para observadores de aves Ingreso a la reserva Gu\u00eda local Observaci\u00f3n de aves Acceso a telescopio y binoculares Oportunidades fotogr\u00e1ficas Sesiones interactivas de aprendizaje Gu\u00eda local Comience su visita de observaci\u00f3n de aves con un [&hellip;]<\/p>\n","protected":false},"author":1,"featured_media":0,"parent":0,"menu_order":0,"comment_status":"closed","ping_status":"closed","template":"","meta":{"_et_pb_use_builder":"on","_et_pb_old_content":"","_et_gb_content_width":"","footnotes":""},"class_list":["post-1201","page","type-page","status-publish","hentry"],"_links":{"self":[{"href":"https:\/\/mashpi-amagusa.com\/es\/wp-json\/wp\/v2\/pages\/1201","targetHints":{"allow":["GET"]}}],"collection":[{"href":"https:\/\/mashpi-amagusa.com\/es\/wp-json\/wp\/v2\/pages"}],"about":[{"href":"https:\/\/mashpi-amagusa.com\/es\/wp-json\/wp\/v2\/types\/page"}],"author":[{"embeddable":true,"href":"https:\/\/mashpi-amagusa.com\/es\/wp-json\/wp\/v2\/users\/1"}],"replies":[{"embeddable":true,"href":"https:\/\/mashpi-amagusa.com\/es\/wp-json\/wp\/v2\/comments?post=1201"}],"version-history":[{"count":0,"href":"https:\/\/mashpi-amagusa.com\/es\/wp-json\/wp\/v2\/pages\/1201\/revisions"}],"wp:attachment":[{"href":"https:\/\/mashpi-amagusa.com\/es\/wp-json\/wp\/v2\/media?parent=1201"}],"curies":[{"name":"wp","href":"https:\/\/api.w.org\/{rel}","templated":true}]}}