{"id":4793,"date":"2025-05-14T19:41:19","date_gmt":"2025-05-14T19:41:19","guid":{"rendered":"https:\/\/mashpi-amagusa.com\/?page_id=4793"},"modified":"2025-05-14T20:29:37","modified_gmt":"2025-05-14T20:29:37","slug":"reservacion-tour-choco-andino","status":"publish","type":"page","link":"https:\/\/mashpi-amagusa.com\/es\/reservacion-tour-choco-andino\/","title":{"rendered":"Reservaci\u00f3n de Tour Choco-Andino"},"content":{"rendered":"<p>[et_pb_section fb_built=\u00bb1&#8243; _builder_version=\u00bb4.23.4&#8243; _module_preset=\u00bbdefault\u00bb background_color=\u00bb#CCE9EF\u00bb global_colors_info=\u00bb{}\u00bb][et_pb_row _builder_version=\u00bb4.23.4&#8243; _module_preset=\u00bbdefault\u00bb global_colors_info=\u00bb{}\u00bb][et_pb_column type=\u00bb4_4&#8243; _builder_version=\u00bb4.23.4&#8243; _module_preset=\u00bbdefault\u00bb global_colors_info=\u00bb{}\u00bb][et_pb_text _builder_version=\u00bb4.27.2&#8243; _module_preset=\u00bbdefault\u00bb custom_margin=\u00bb||0px||false|false\u00bb custom_padding=\u00bb||||false|false\u00bb global_colors_info=\u00bb{}\u00bb]<\/p>\n<h1>Reserva el Tour de Aves Choc\u00f3-Andino<\/h1>\n<p data-start=\"174\" data-end=\"297\" class=\"\">Este formulario es para reservar el <a href=\"https:\/\/mashpi-amagusa.com\/es\/tour-aves-choco-andino-ecuador\/\">Tour de Aves del Choc\u00f3-Andino<\/a> con la opci\u00f3n de ajustar el viaje seg\u00fan tus preferencias.<\/p>\n<p>&nbsp;<\/p>\n<p>[\/et_pb_text][et_pb_text _builder_version=\u00bb4.27.2&#8243; _module_preset=\u00bbdefault\u00bb global_colors_info=\u00bb{}\u00bb]<\/p>\n<form id=\"forminator-module-4784\" class=\"forminator-custom-form forminator-custom-form-4784\" method=\"post\" data-forminator-render=\"0\" data-uid=\"69d46e9da36e3\"><div role=\"alert\" aria-live=\"polite\" class=\"forminator-response-message forminator-error\" aria-hidden=\"true\"><\/div><\/form>\n<p>[\/et_pb_text][\/et_pb_column][\/et_pb_row][\/et_pb_section]<\/p>\n","protected":false},"excerpt":{"rendered":"<p>Reserva el Tour de Aves Choc\u00f3-Andino Este formulario es para reservar el Tour de Aves del Choc\u00f3-Andino con la opci\u00f3n de ajustar el viaje seg\u00fan tus preferencias. &nbsp;<form id=\"forminator-module-4784\" class=\"forminator-custom-form forminator-custom-form-4784\" method=\"post\" data-forminator-render=\"1\" data-uid=\"69d46e9dbb0cf\"><div role=\"alert\" aria-live=\"polite\" class=\"forminator-response-message forminator-error\" aria-hidden=\"true\"><\/div><\/form><\/p>\n","protected":false},"author":1,"featured_media":0,"parent":0,"menu_order":0,"comment_status":"closed","ping_status":"closed","template":"","meta":{"_et_pb_use_builder":"on","_et_pb_old_content":"","_et_gb_content_width":"","footnotes":""},"class_list":["post-4793","page","type-page","status-publish","hentry"],"_links":{"self":[{"href":"https:\/\/mashpi-amagusa.com\/es\/wp-json\/wp\/v2\/pages\/4793","targetHints":{"allow":["GET"]}}],"collection":[{"href":"https:\/\/mashpi-amagusa.com\/es\/wp-json\/wp\/v2\/pages"}],"about":[{"href":"https:\/\/mashpi-amagusa.com\/es\/wp-json\/wp\/v2\/types\/page"}],"author":[{"embeddable":true,"href":"https:\/\/mashpi-amagusa.com\/es\/wp-json\/wp\/v2\/users\/1"}],"replies":[{"embeddable":true,"href":"https:\/\/mashpi-amagusa.com\/es\/wp-json\/wp\/v2\/comments?post=4793"}],"version-history":[{"count":0,"href":"https:\/\/mashpi-amagusa.com\/es\/wp-json\/wp\/v2\/pages\/4793\/revisions"}],"wp:attachment":[{"href":"https:\/\/mashpi-amagusa.com\/es\/wp-json\/wp\/v2\/media?parent=4793"}],"curies":[{"name":"wp","href":"https:\/\/api.w.org\/{rel}","templated":true}]}}